{"id":2462,"date":"2021-03-06T23:43:55","date_gmt":"2021-03-06T23:43:55","guid":{"rendered":"https:\/\/hospitalprivadosorriso.co.mz\/?page_id=2462"},"modified":"2021-03-12T11:50:36","modified_gmt":"2021-03-12T11:50:36","slug":"servicos","status":"publish","type":"page","link":"https:\/\/hospitalprivadosorriso.co.mz\/?page_id=2462","title":{"rendered":"Servi\u00e7os"},"content":{"rendered":"<p>[et_pb_section fb_built=&#8221;1&#8243; _builder_version=&#8221;4.7.3&#8243; _module_preset=&#8221;default&#8221; background_image=&#8221;https:\/\/hospitalprivadosorriso.co.mz\/wp-content\/uploads\/2021\/03\/services1.jpg&#8221;][et_pb_row _builder_version=&#8221;4.7.3&#8243; _module_preset=&#8221;default&#8221;][et_pb_column type=&#8221;4_4&#8243; _builder_version=&#8221;4.7.3&#8243; _module_preset=&#8221;default&#8221;][et_pb_text _builder_version=&#8221;4.7.3&#8243; _module_preset=&#8221;default&#8221; header_text_color=&#8221;#ffffff&#8221; header_2_font=&#8221;|700|||||||&#8221; header_2_text_align=&#8221;center&#8221; header_2_text_color=&#8221;#ffffff&#8221; header_2_font_size=&#8221;40px&#8221;]<\/p>\n<h2>Servi\u00e7os<\/h2>\n<p>[\/et_pb_text][\/et_pb_column][\/et_pb_row][\/et_pb_section][et_pb_section fb_built=&#8221;1&#8243; _builder_version=&#8221;4.7.3&#8243; _module_preset=&#8221;default&#8221; background_color=&#8221;#eef1f9&#8243; animation_style=&#8221;fade&#8221;][et_pb_row _builder_version=&#8221;4.7.3&#8243; _module_preset=&#8221;default&#8221;][et_pb_column type=&#8221;4_4&#8243; _builder_version=&#8221;4.7.3&#8243; _module_preset=&#8221;default&#8221;][et_pb_text _builder_version=&#8221;4.7.3&#8243; _module_preset=&#8221;default&#8221; header_font=&#8221;|700|||||||&#8221; header_text_align=&#8221;center&#8221; header_text_color=&#8221;#6b6b6b&#8221; header_font_size=&#8221;32px&#8221; header_2_font=&#8221;|300|||||||&#8221; header_2_text_align=&#8221;center&#8221; header_2_text_color=&#8221;#6b6b6b&#8221; header_2_font_size=&#8221;18px&#8221; animation_style=&#8221;fade&#8221;]<\/p>\n<section id=\"section-id-1510035564108\" class=\"sppb-section \">\n<div class=\"sppb-row-container\">\n<div class=\"sppb-row\">\n<div class=\"sppb-col-md-12\">\n<div id=\"column-id-1510035564082\" class=\"sppb-column\">\n<div class=\"sppb-column-addons\">\n<div id=\"sppb-addon-1510035564083\" class=\"clearfix\">\n<div class=\"sppb-addon sppb-addon-header sppb-text-center\">\n<h1 class=\"sppb-addon-title\">Nossos Servi\u00e7os<\/h1>\n<\/div>\n<\/div>\n<div id=\"sppb-addon-1510035564084\" class=\"clearfix\">\n<div class=\"sppb-addon sppb-addon-header sppb-text-center\">\n<h2 class=\"sppb-addon-title\" style=\"text-align: center;\">Temos uma vasta variedade de servi\u00e7os em sa\u00fade:<\/h2>\n<\/div>\n<\/div>\n<\/div>\n<\/div>\n<\/div>\n<\/div>\n<\/div>\n<\/section>\n<p>[\/et_pb_text][\/et_pb_column][\/et_pb_row][et_pb_row column_structure=&#8221;1_2,1_2&#8243; _builder_version=&#8221;4.7.3&#8243; _module_preset=&#8221;default&#8221; animation_style=&#8221;fade&#8221;][et_pb_column type=&#8221;1_2&#8243; _builder_version=&#8221;4.7.3&#8243; _module_preset=&#8221;default&#8221;][et_pb_blurb title=&#8221;Estomatologia&#8221; image=&#8221;https:\/\/hospitalprivadosorriso.co.mz\/wp-content\/uploads\/2021\/03\/tooth3.png&#8221; _builder_version=&#8221;4.7.3&#8243; _module_preset=&#8221;default&#8221; header_level=&#8221;h2&#8243; header_text_align=&#8221;center&#8221; body_font=&#8221;||||||||&#8221; body_font_size=&#8221;15px&#8221; animation_style=&#8221;fade&#8221; animation_delay=&#8221;500ms&#8221;]<\/p>\n<div class=\"sppb-addon-text\">\n<div style=\"text-align: justify;\">Estomatologia, fazemos a preven\u00e7\u00e3o, diagn\u00f3stico e tratamento da sa\u00fade bocal.<\/div>\n<\/div>\n<p>[\/et_pb_blurb][et_pb_blurb title=&#8221;Medicina Geral&#8221; image=&#8221;https:\/\/hospitalprivadosorriso.co.mz\/wp-content\/uploads\/2021\/03\/medicine4.png&#8221; _builder_version=&#8221;4.7.3&#8243; _module_preset=&#8221;default&#8221; header_level=&#8221;h2&#8243; header_text_align=&#8221;center&#8221; body_font=&#8221;||||||||&#8221; body_font_size=&#8221;15px&#8221; animation_style=&#8221;fade&#8221; animation_delay=&#8221;650ms&#8221;]<\/p>\n<div class=\"sppb-addon-text\">\n<div style=\"text-align: justify;\">\n<div class=\"sppb-addon-text\">\n<div style=\"text-align: justify;\">Manuten\u00e7\u00e3o e restaura\u00e7\u00e3o da sa\u00fade bem como\u00a0a preven\u00e7\u00e3o e cura de diversas doen\u00e7as humanas.<\/div>\n<\/div>\n<\/div>\n<\/div>\n<p>[\/et_pb_blurb][et_pb_blurb title=&#8221;Optometria e \u00d3ptica&#8221; image=&#8221;https:\/\/hospitalprivadosorriso.co.mz\/wp-content\/uploads\/2021\/03\/eye2.png&#8221; _builder_version=&#8221;4.7.3&#8243; _module_preset=&#8221;default&#8221; header_level=&#8221;h2&#8243; header_text_align=&#8221;center&#8221; body_font=&#8221;||||||||&#8221; body_font_size=&#8221;15px&#8221; animation_style=&#8221;fade&#8221; animation_delay=&#8221;550ms&#8221;]<\/p>\n<div class=\"sppb-addon-text\">\n<div style=\"text-align: justify;\">\n<div class=\"sppb-addon-text\">\n<div style=\"text-align: justify;\">Diagn\u00f3stico de refra\u00e7\u00e3o e aplica\u00e7\u00e3o de t\u00e9cnicas correctivas para melhorar a qualidade visual.<\/div>\n<\/div>\n<\/div>\n<\/div>\n<p>[\/et_pb_blurb][et_pb_blurb title=&#8221;Cirurgia&#8221; image=&#8221;https:\/\/hospitalprivadosorriso.co.mz\/wp-content\/uploads\/2021\/03\/cirurgia1.png&#8221; _builder_version=&#8221;4.7.3&#8243; _module_preset=&#8221;default&#8221; header_level=&#8221;h2&#8243; header_text_align=&#8221;center&#8221; body_font=&#8221;||||||||&#8221; body_font_size=&#8221;15px&#8221; animation_style=&#8221;fade&#8221; animation_delay=&#8221;550ms&#8221;]<\/p>\n<div class=\"sppb-addon-text\">\n<div style=\"text-align: justify;\">\n<div class=\"sppb-addon-text\">\n<div style=\"text-align: justify;\">Fazemos o diagn\u00f3stico e tratamento de doen\u00e7as\/traumatismo, com objectivo de melhorar a funcionalidade e apar\u00eancia do corpo.<\/div>\n<\/div>\n<\/div>\n<\/div>\n<p>[\/et_pb_blurb][et_pb_blurb title=&#8221;Otorrinolaringologia&#8221; image=&#8221;https:\/\/hospitalprivadosorriso.co.mz\/wp-content\/uploads\/2021\/03\/otorrino1.png&#8221; _builder_version=&#8221;4.7.3&#8243; _module_preset=&#8221;default&#8221; header_level=&#8221;h2&#8243; header_text_align=&#8221;center&#8221; body_font=&#8221;||||||||&#8221; body_font_size=&#8221;15px&#8221; animation_style=&#8221;fade&#8221; animation_delay=&#8221;550ms&#8221;]<\/p>\n<div class=\"sppb-addon-text\">\n<div style=\"text-align: justify;\">\n<div class=\"sppb-addon-text\">\n<div style=\"text-align: justify;\">Diagn\u00f3stico e tratamento de doen\u00e7as do ouvido, nariz e seios paranasais, faringe, laringe, cabe\u00e7a e pesco\u00e7o.<\/div>\n<\/div>\n<\/div>\n<\/div>\n<p>[\/et_pb_blurb][\/et_pb_column][et_pb_column type=&#8221;1_2&#8243; _builder_version=&#8221;4.7.3&#8243; _module_preset=&#8221;default&#8221;][et_pb_blurb title=&#8221;Ginecologia&#8221; image=&#8221;https:\/\/hospitalprivadosorriso.co.mz\/wp-content\/uploads\/2021\/03\/ginecology2.png&#8221; _builder_version=&#8221;4.7.3&#8243; _module_preset=&#8221;default&#8221; header_level=&#8221;h2&#8243; header_text_align=&#8221;center&#8221; body_font=&#8221;||||||||&#8221; body_font_size=&#8221;15px&#8221; animation_style=&#8221;fade&#8221; animation_delay=&#8221;550ms&#8221;]<\/p>\n<div class=\"sppb-addon-text\">\n<div style=\"text-align: justify;\">Com especialistas da \u00e1rea de\u00a0 Ginecologia e Obstetr\u00edcia, tratamos da sa\u00fade da mulher.<\/div>\n<\/div>\n<p>[\/et_pb_blurb][et_pb_blurb title=&#8221;Nutri\u00e7\u00e3o&#8221; image=&#8221;https:\/\/hospitalprivadosorriso.co.mz\/wp-content\/uploads\/2021\/03\/nutrition3.png&#8221; _builder_version=&#8221;4.7.3&#8243; _module_preset=&#8221;default&#8221; header_level=&#8221;h2&#8243; header_text_align=&#8221;center&#8221; body_font=&#8221;||||||||&#8221; body_font_size=&#8221;15px&#8221; animation_style=&#8221;fade&#8221; animation_delay=&#8221;500ms&#8221; hover_enabled=&#8221;0&#8243; sticky_enabled=&#8221;0&#8243;]<\/p>\n<div class=\"sppb-addon-text\">\n<div style=\"text-align: justify;\">\n<div class=\"sppb-addon-text\">\n<div style=\"text-align: justify;\">Investiga\u00e7\u00e3o e controle de nutrientes para realiza\u00e7\u00e3o de fun\u00e7\u00f5es vitais humanas e preserva\u00e7\u00e3o da sa\u00fade<\/div>\n<\/div>\n<\/div>\n<\/div>\n<p>[\/et_pb_blurb][et_pb_blurb title=&#8221;Pediatria&#8221; image=&#8221;https:\/\/hospitalprivadosorriso.co.mz\/wp-content\/uploads\/2021\/03\/pediatrics3.png&#8221; _builder_version=&#8221;4.7.3&#8243; _module_preset=&#8221;default&#8221; header_level=&#8221;h2&#8243; header_text_align=&#8221;center&#8221; body_font=&#8221;||||||||&#8221; body_font_size=&#8221;15px&#8221; animation_style=&#8221;fade&#8221; animation_delay=&#8221;650ms&#8221;]<\/p>\n<div class=\"sppb-addon-text\">\n<div style=\"text-align: justify;\">\n<div class=\"sppb-addon-text\">\n<div style=\"text-align: justify;\">Assist\u00eancia preventiva e curativa com vista melhorar a sa\u00fade da crian\u00e7a e do adolescente.<\/div>\n<\/div>\n<\/div>\n<\/div>\n<p>[\/et_pb_blurb][et_pb_blurb title=&#8221;Dermatologia&#8221; image=&#8221;https:\/\/hospitalprivadosorriso.co.mz\/wp-content\/uploads\/2021\/03\/dermatology1.png&#8221; _builder_version=&#8221;4.7.3&#8243; _module_preset=&#8221;default&#8221; header_level=&#8221;h2&#8243; header_text_align=&#8221;center&#8221; body_font=&#8221;||||||||&#8221; body_font_size=&#8221;15px&#8221; animation_style=&#8221;fade&#8221; animation_delay=&#8221;650ms&#8221;]<\/p>\n<div class=\"sppb-addon-text\">\n<div style=\"text-align: justify;\">\n<div class=\"sppb-addon-text\">\n<div style=\"text-align: justify;\">Prestamos assist\u00eancia, diagn\u00f3stico e tratamento cl\u00ednico-cir\u00fargico de doen\u00e7as relacionadas a pele.<\/div>\n<\/div>\n<\/div>\n<\/div>\n<p>[\/et_pb_blurb][et_pb_blurb title=&#8221;Urologia&#8221; image=&#8221;https:\/\/hospitalprivadosorriso.co.mz\/wp-content\/uploads\/2021\/03\/urologia1.png&#8221; _builder_version=&#8221;4.7.3&#8243; _module_preset=&#8221;default&#8221; header_level=&#8221;h2&#8243; header_text_align=&#8221;center&#8221; body_font=&#8221;||||||||&#8221; body_font_size=&#8221;15px&#8221; animation_style=&#8221;fade&#8221; animation_delay=&#8221;650ms&#8221;]<\/p>\n<div class=\"sppb-addon-text\">\n<div style=\"text-align: justify;\">\n<div class=\"sppb-addon-text\">\n<div style=\"text-align: justify;\">Diagn\u00f3stico, tratamento do trato urin\u00e1rio de homens e de mulheres e do sistema reprodutor dos homens.<\/div>\n<\/div>\n<\/div>\n<\/div>\n<p>[\/et_pb_blurb][\/et_pb_column][\/et_pb_row][\/et_pb_section][et_pb_section fb_built=&#8221;1&#8243; _builder_version=&#8221;4.7.3&#8243; _module_preset=&#8221;default&#8221; background_image=&#8221;https:\/\/hospitalprivadosorriso.co.mz\/wp-content\/uploads\/2021\/03\/ambulance.jpg&#8221; parallax=&#8221;on&#8221; parallax_method=&#8221;off&#8221; custom_padding=&#8221;135px||135px|||&#8221; animation_style=&#8221;fade&#8221;][et_pb_row _builder_version=&#8221;4.7.3&#8243; _module_preset=&#8221;default&#8221;][et_pb_column type=&#8221;4_4&#8243; _builder_version=&#8221;4.7.3&#8243; _module_preset=&#8221;default&#8221;][et_pb_text _builder_version=&#8221;4.7.3&#8243; _module_preset=&#8221;default&#8221; text_font=&#8221;|700|||||||&#8221; text_font_size=&#8221;28px&#8221; text_orientation=&#8221;center&#8221; animation_style=&#8221;fade&#8221;]<\/p>\n<p>Servi\u00e7os de Ambul\u00e2ncia<\/p>\n<p>[\/et_pb_text][et_pb_button button_url=&#8221;#&#8221; button_text=&#8221; +258 84\/86 952 0001&#8243; button_alignment=&#8221;center&#8221; _builder_version=&#8221;4.7.3&#8243; _module_preset=&#8221;default&#8221; custom_button=&#8221;on&#8221; button_text_color=&#8221;#FFFFFF&#8221; button_bg_color=&#8221;#7CDA24&#8243; button_icon=&#8221;%%264%%&#8221; button_icon_placement=&#8221;left&#8221; button_on_hover=&#8221;off&#8221; animation_style=&#8221;fade&#8221;][\/et_pb_button][\/et_pb_column][\/et_pb_row][\/et_pb_section][et_pb_section fb_built=&#8221;1&#8243; _builder_version=&#8221;4.7.3&#8243; _module_preset=&#8221;default&#8221; background_color=&#8221;#eef1f9&#8243;][et_pb_row _builder_version=&#8221;4.7.3&#8243; _module_preset=&#8221;default&#8221;][et_pb_column type=&#8221;4_4&#8243; _builder_version=&#8221;4.7.3&#8243; _module_preset=&#8221;default&#8221;][et_pb_text _builder_version=&#8221;4.7.3&#8243; _module_preset=&#8221;default&#8221; text_font_size=&#8221;16px&#8221; header_text_align=&#8221;center&#8221; header_2_font=&#8221;|600|||||||&#8221; header_2_font_size=&#8221;30px&#8221; text_orientation=&#8221;center&#8221;]<\/p>\n<div id=\"sppb-addon-1533459890768\" class=\" sppb-wow fadeInLeft clearfix sppb-animated\" data-sppb-wow-duration=\"300ms\" style=\"visibility: visible; animation-duration: 300ms; animation-name: fadeInLeft;\">\n<div class=\"sppb-addon sppb-addon-header sppb-text-center\">\n<h2 class=\"sppb-addon-title\">Consultas &amp; Informa\u00e7\u00f5es<\/h2>\n<\/div>\n<\/div>\n<div id=\"sppb-addon-1533457369197\" class=\" sppb-wow fadeInLeft clearfix sppb-animated\" data-sppb-wow-duration=\"700ms\" style=\"visibility: visible; animation-duration: 700ms; animation-name: fadeInLeft;\">\n<div class=\"sppb-addon sppb-addon-header sppb-text-center\">\n<div class=\"sppb-addon-title\">Clique no bot\u00e3o abaixo para solicitar mais informa\u00e7\u00f5es ou marcar consulta<\/div>\n<\/div>\n<\/div>\n<p>[\/et_pb_text][\/et_pb_column][\/et_pb_row][et_pb_row column_structure=&#8221;1_2,1_2&#8243; _builder_version=&#8221;4.7.3&#8243; _module_preset=&#8221;default&#8221;][et_pb_column type=&#8221;1_2&#8243; _builder_version=&#8221;4.7.3&#8243; _module_preset=&#8221;default&#8221;][et_pb_button button_url=&#8221;@ET-DC@eyJkeW5hbWljIjp0cnVlLCJjb250ZW50IjoicG9zdF9saW5rX3VybF9wYWdlIiwic2V0dGluZ3MiOnsicG9zdF9pZCI6IjI1MTYifX0=@&#8221; button_text=&#8221;Marcar Consulta&#8221; button_alignment=&#8221;right&#8221; _builder_version=&#8221;4.7.3&#8243; _dynamic_attributes=&#8221;button_url&#8221; _module_preset=&#8221;default&#8221; custom_button=&#8221;on&#8221; button_text_color=&#8221;#ffffff&#8221; button_bg_color=&#8221;#5bef47&#8243;][\/et_pb_button][\/et_pb_column][et_pb_column type=&#8221;1_2&#8243; _builder_version=&#8221;4.7.3&#8243; _module_preset=&#8221;default&#8221;][et_pb_button button_url=&#8221;@ET-DC@eyJkeW5hbWljIjp0cnVlLCJjb250ZW50IjoicG9zdF9saW5rX3VybF9wYWdlIiwic2V0dGluZ3MiOnsicG9zdF9pZCI6IjI1MTkifX0=@&#8221; button_text=&#8221;Informa\u00e7\u00f5es&#8221; _builder_version=&#8221;4.7.3&#8243; _dynamic_attributes=&#8221;button_url&#8221; _module_preset=&#8221;default&#8221;][\/et_pb_button][\/et_pb_column][\/et_pb_row][\/et_pb_section][et_pb_section fb_built=&#8221;1&#8243; _builder_version=&#8221;4.7.3&#8243; _module_preset=&#8221;default&#8221;][et_pb_row _builder_version=&#8221;4.7.3&#8243; _module_preset=&#8221;default&#8221;][et_pb_column type=&#8221;4_4&#8243; _builder_version=&#8221;4.7.3&#8243; _module_preset=&#8221;default&#8221;][et_pb_text _builder_version=&#8221;4.7.3&#8243; _module_preset=&#8221;default&#8221; text_font_size=&#8221;16px&#8221; header_font=&#8221;|700|||||||&#8221; header_text_align=&#8221;center&#8221; header_2_font=&#8221;|700|||||||&#8221; header_2_text_color=&#8221;#6b6b6b&#8221; header_2_font_size=&#8221;30px&#8221; text_orientation=&#8221;center&#8221; hover_enabled=&#8221;0&#8243; sticky_enabled=&#8221;0&#8243;]<\/p>\n<section id=\"section-id-1510037761395\" class=\"sppb-section \">\n<div class=\"sppb-row-container\">\n<div class=\"sppb-row\">\n<div class=\"sppb-col-md-12\">\n<div id=\"column-id-1510037761264\" class=\"sppb-column\">\n<div class=\"sppb-column-addons\">\n<div id=\"sppb-addon-1510037761265\" class=\"clearfix\">\n<div class=\"sppb-addon sppb-addon-header sppb-text-center\">\n<h2 class=\"sppb-addon-title\">Nossas Parcerias<\/h2>\n<\/div>\n<\/div>\n<\/div>\n<\/div>\n<\/div>\n<\/div>\n<\/div>\n<\/section>\n<p>[\/et_pb_text][\/et_pb_column][\/et_pb_row][et_pb_row column_structure=&#8221;1_4,1_4,1_4,1_4&#8243; _builder_version=&#8221;4.7.3&#8243; _module_preset=&#8221;default&#8221;][et_pb_column type=&#8221;1_4&#8243; _builder_version=&#8221;4.7.3&#8243; _module_preset=&#8221;default&#8221;][et_pb_image src=&#8221;https:\/\/hospitalprivadosorriso.co.mz\/wp-content\/uploads\/2021\/03\/allianz2.png&#8221; title_text=&#8221;allianz2&#8243; _builder_version=&#8221;4.7.3&#8243; _module_preset=&#8221;default&#8221;][\/et_pb_image][\/et_pb_column][et_pb_column type=&#8221;1_4&#8243; _builder_version=&#8221;4.7.3&#8243; _module_preset=&#8221;default&#8221;][et_pb_image src=&#8221;https:\/\/hospitalprivadosorriso.co.mz\/wp-content\/uploads\/2021\/03\/cigna2.jpg&#8221; title_text=&#8221;cigna2&#8243; _builder_version=&#8221;4.7.3&#8243; _module_preset=&#8221;default&#8221;][\/et_pb_image][\/et_pb_column][et_pb_column type=&#8221;1_4&#8243; _builder_version=&#8221;4.7.3&#8243; _module_preset=&#8221;default&#8221;][et_pb_image src=&#8221;https:\/\/hospitalprivadosorriso.co.mz\/wp-content\/uploads\/2021\/03\/fidelidade2.png&#8221; title_text=&#8221;fidelidade2&#8243; _builder_version=&#8221;4.7.3&#8243; _module_preset=&#8221;default&#8221;][\/et_pb_image][\/et_pb_column][et_pb_column type=&#8221;1_4&#8243; _builder_version=&#8221;4.7.3&#8243; _module_preset=&#8221;default&#8221;][et_pb_image src=&#8221;https:\/\/hospitalprivadosorriso.co.mz\/wp-content\/uploads\/2021\/03\/tranquilidade2.png&#8221; title_text=&#8221;tranquilidade2&#8243; _builder_version=&#8221;4.7.3&#8243; _module_preset=&#8221;default&#8221;][\/et_pb_image][\/et_pb_column][\/et_pb_row][et_pb_row column_structure=&#8221;1_6,1_6,1_6,1_6,1_6,1_6&#8243; _builder_version=&#8221;4.7.3&#8243; _module_preset=&#8221;default&#8221;][et_pb_column type=&#8221;1_6&#8243; _builder_version=&#8221;4.7.3&#8243; _module_preset=&#8221;default&#8221;][et_pb_image src=&#8221;https:\/\/hospitalprivadosorriso.co.mz\/wp-content\/uploads\/2021\/03\/up-vida2.png&#8221; title_text=&#8221;up-vida2&#8243; _builder_version=&#8221;4.7.3&#8243; _module_preset=&#8221;default&#8221;][\/et_pb_image][\/et_pb_column][et_pb_column type=&#8221;1_6&#8243; _builder_version=&#8221;4.7.3&#8243; _module_preset=&#8221;default&#8221;][et_pb_image src=&#8221;https:\/\/hospitalprivadosorriso.co.mz\/wp-content\/uploads\/2021\/03\/momentum2.png&#8221; title_text=&#8221;momentum2&#8243; _builder_version=&#8221;4.7.3&#8243; _module_preset=&#8221;default&#8221;][\/et_pb_image][\/et_pb_column][et_pb_column type=&#8221;1_6&#8243; _builder_version=&#8221;4.7.3&#8243; _module_preset=&#8221;default&#8221;][et_pb_image src=&#8221;https:\/\/hospitalprivadosorriso.co.mz\/wp-content\/uploads\/2021\/03\/libertyhealthblue2.png&#8221; title_text=&#8221;libertyhealthblue2&#8243; _builder_version=&#8221;4.7.3&#8243; _module_preset=&#8221;default&#8221;][\/et_pb_image][\/et_pb_column][et_pb_column type=&#8221;1_6&#8243; _builder_version=&#8221;4.7.3&#8243; _module_preset=&#8221;default&#8221;][et_pb_image src=&#8221;https:\/\/hospitalprivadosorriso.co.mz\/wp-content\/uploads\/2021\/03\/boa-vida2.png&#8221; title_text=&#8221;boa-vida2&#8243; _builder_version=&#8221;4.7.3&#8243; _module_preset=&#8221;default&#8221;][\/et_pb_image][\/et_pb_column][et_pb_column type=&#8221;1_6&#8243; _builder_version=&#8221;4.7.3&#8243; _module_preset=&#8221;default&#8221;][et_pb_image src=&#8221;https:\/\/hospitalprivadosorriso.co.mz\/wp-content\/uploads\/2021\/03\/banco-moz2.png&#8221; title_text=&#8221;banco-moz2&#8243; _builder_version=&#8221;4.7.3&#8243; _module_preset=&#8221;default&#8221;][\/et_pb_image][\/et_pb_column][et_pb_column type=&#8221;1_6&#8243; _builder_version=&#8221;4.7.3&#8243; _module_preset=&#8221;default&#8221;][et_pb_image src=&#8221;https:\/\/hospitalprivadosorriso.co.mz\/wp-content\/uploads\/2021\/03\/cervejas-moz2.jpg&#8221; title_text=&#8221;cervejas-moz2&#8243; _builder_version=&#8221;4.7.3&#8243; _module_preset=&#8221;default&#8221;][\/et_pb_image][\/et_pb_column][\/et_pb_row][\/et_pb_section]<\/p>\n","protected":false},"excerpt":{"rendered":"<p>[et_pb_section fb_built=&#8221;1&#8243; _builder_version=&#8221;4.7.3&#8243; _module_preset=&#8221;default&#8221; background_image=&#8221;https:\/\/hospitalprivadosorriso.co.mz\/wp-content\/uploads\/2021\/03\/services1.jpg&#8221;][et_pb_row _builder_version=&#8221;4.7.3&#8243; _module_preset=&#8221;default&#8221;][et_pb_column type=&#8221;4_4&#8243; _builder_version=&#8221;4.7.3&#8243; _module_preset=&#8221;default&#8221;][et_pb_text _builder_version=&#8221;4.7.3&#8243; _module_preset=&#8221;default&#8221; header_text_color=&#8221;#ffffff&#8221; header_2_font=&#8221;|700|||||||&#8221; header_2_text_align=&#8221;center&#8221; header_2_text_color=&#8221;#ffffff&#8221; header_2_font_size=&#8221;40px&#8221;] Servi\u00e7os [\/et_pb_text][\/et_pb_column][\/et_pb_row][\/et_pb_section][et_pb_section fb_built=&#8221;1&#8243; _builder_version=&#8221;4.7.3&#8243; _module_preset=&#8221;default&#8221; background_color=&#8221;#eef1f9&#8243; animation_style=&#8221;fade&#8221;][et_pb_row _builder_version=&#8221;4.7.3&#8243; _module_preset=&#8221;default&#8221;][et_pb_column type=&#8221;4_4&#8243; _builder_version=&#8221;4.7.3&#8243; _module_preset=&#8221;default&#8221;][et_pb_text _builder_version=&#8221;4.7.3&#8243; _module_preset=&#8221;default&#8221; header_font=&#8221;|700|||||||&#8221; header_text_align=&#8221;center&#8221; header_text_color=&#8221;#6b6b6b&#8221; header_font_size=&#8221;32px&#8221; header_2_font=&#8221;|300|||||||&#8221; header_2_text_align=&#8221;center&#8221; header_2_text_color=&#8221;#6b6b6b&#8221; header_2_font_size=&#8221;18px&#8221; animation_style=&#8221;fade&#8221;] Nossos Servi\u00e7os Temos uma vasta variedade de servi\u00e7os em sa\u00fade: [\/et_pb_text][\/et_pb_column][\/et_pb_row][et_pb_row column_structure=&#8221;1_2,1_2&#8243; _builder_version=&#8221;4.7.3&#8243; _module_preset=&#8221;default&#8221; animation_style=&#8221;fade&#8221;][et_pb_column [&hellip;]<\/p>\n","protected":false},"author":1,"featured_media":0,"parent":0,"menu_order":0,"comment_status":"closed","ping_status":"closed","template":"","meta":{"_et_pb_use_builder":"on","_et_pb_old_content":"","_et_gb_content_width":"","footnotes":""},"class_list":["post-2462","page","type-page","status-publish","hentry"],"_links":{"self":[{"href":"https:\/\/hospitalprivadosorriso.co.mz\/index.php?rest_route=\/wp\/v2\/pages\/2462","targetHints":{"allow":["GET"]}}],"collection":[{"href":"https:\/\/hospitalprivadosorriso.co.mz\/index.php?rest_route=\/wp\/v2\/pages"}],"about":[{"href":"https:\/\/hospitalprivadosorriso.co.mz\/index.php?rest_route=\/wp\/v2\/types\/page"}],"author":[{"embeddable":true,"href":"https:\/\/hospitalprivadosorriso.co.mz\/index.php?rest_route=\/wp\/v2\/users\/1"}],"replies":[{"embeddable":true,"href":"https:\/\/hospitalprivadosorriso.co.mz\/index.php?rest_route=%2Fwp%2Fv2%2Fcomments&post=2462"}],"version-history":[{"count":14,"href":"https:\/\/hospitalprivadosorriso.co.mz\/index.php?rest_route=\/wp\/v2\/pages\/2462\/revisions"}],"predecessor-version":[{"id":2599,"href":"https:\/\/hospitalprivadosorriso.co.mz\/index.php?rest_route=\/wp\/v2\/pages\/2462\/revisions\/2599"}],"wp:attachment":[{"href":"https:\/\/hospitalprivadosorriso.co.mz\/index.php?rest_route=%2Fwp%2Fv2%2Fmedia&parent=2462"}],"curies":[{"name":"wp","href":"https:\/\/api.w.org\/{rel}","templated":true}]}}