{"id":2504,"date":"2021-03-07T00:24:38","date_gmt":"2021-03-07T00:24:38","guid":{"rendered":"https:\/\/hospitalprivadosorriso.co.mz\/?page_id=2504"},"modified":"2021-03-07T07:05:36","modified_gmt":"2021-03-07T07:05:36","slug":"produtos","status":"publish","type":"page","link":"https:\/\/hospitalprivadosorriso.co.mz\/?page_id=2504","title":{"rendered":"Produtos"},"content":{"rendered":"<p>[et_pb_section fb_built=&#8221;1&#8243; _builder_version=&#8221;4.7.3&#8243; _module_preset=&#8221;default&#8221; background_image=&#8221;https:\/\/hospitalprivadosorriso.co.mz\/wp-content\/uploads\/2021\/03\/services1.jpg&#8221;][et_pb_row _builder_version=&#8221;4.7.3&#8243; _module_preset=&#8221;default&#8221;][et_pb_column type=&#8221;4_4&#8243; _builder_version=&#8221;4.7.3&#8243; _module_preset=&#8221;default&#8221;][et_pb_text _builder_version=&#8221;4.7.3&#8243; _module_preset=&#8221;default&#8221; header_text_color=&#8221;#ffffff&#8221; header_2_font=&#8221;|700|||||||&#8221; header_2_text_align=&#8221;center&#8221; header_2_text_color=&#8221;#ffffff&#8221; header_2_font_size=&#8221;40px&#8221;]<\/p>\n<h2>Produtos<\/h2>\n<p>[\/et_pb_text][\/et_pb_column][\/et_pb_row][\/et_pb_section][et_pb_section fb_built=&#8221;1&#8243; _builder_version=&#8221;4.7.3&#8243; _module_preset=&#8221;default&#8221; background_color=&#8221;#33ce00&#8243;][et_pb_row _builder_version=&#8221;4.7.3&#8243; _module_preset=&#8221;default&#8221;][et_pb_column type=&#8221;4_4&#8243; _builder_version=&#8221;4.7.3&#8243; _module_preset=&#8221;default&#8221;][et_pb_text _builder_version=&#8221;4.7.3&#8243; _module_preset=&#8221;default&#8221; text_text_color=&#8221;#FFFFFF&#8221; text_font_size=&#8221;16px&#8221; header_2_font=&#8221;|700|||||||&#8221; header_2_text_align=&#8221;center&#8221; header_2_text_color=&#8221;#FFFFFF&#8221; header_2_font_size=&#8221;34px&#8221; text_orientation=&#8221;center&#8221; animation_style=&#8221;fade&#8221;]<\/p>\n<section id=\"section-id-1510037761301\" class=\"sppb-section \">\n<div class=\"sppb-row-container\">\n<div class=\"sppb-row\">\n<div class=\"sppb-col-md-12\">\n<div id=\"column-id-1510037761253\" class=\"sppb-column\">\n<div class=\"sppb-column-addons\">\n<div id=\"sppb-addon-1510037761254\" class=\"clearfix\">\n<div class=\"sppb-addon sppb-addon-header sppb-text-center\">\n<h2 class=\"sppb-addon-title\">Nossos Produtos<\/h2>\n<\/div>\n<\/div>\n<div id=\"sppb-addon-1510037761255\" class=\"clearfix\">\n<div class=\"sppb-addon sppb-addon-header sppb-text-center\">\n<div class=\"sppb-addon-title\">Temos dispon\u00edveis uma variedade de \u00f3culos de vista e efectuamos manuten\u00e7\u00e3o do material:<\/div>\n<\/div>\n<\/div>\n<\/div>\n<\/div>\n<\/div>\n<\/div>\n<\/div>\n<\/section>\n<p>[\/et_pb_text][\/et_pb_column][\/et_pb_row][et_pb_row column_structure=&#8221;1_3,1_3,1_3&#8243; _builder_version=&#8221;4.7.3&#8243; _module_preset=&#8221;default&#8221; animation_style=&#8221;fade&#8221;][et_pb_column type=&#8221;1_3&#8243; _builder_version=&#8221;4.7.3&#8243; _module_preset=&#8221;default&#8221;][et_pb_blurb title=&#8221;\u00d3culos de Vista&#8221; image=&#8221;https:\/\/hospitalprivadosorriso.co.mz\/wp-content\/uploads\/2021\/03\/oculos_de_vista.jpg&#8221; _builder_version=&#8221;4.7.3&#8243; _module_preset=&#8221;default&#8221; header_text_color=&#8221;#FFFFFF&#8221;][\/et_pb_blurb][\/et_pb_column][et_pb_column type=&#8221;1_3&#8243; _builder_version=&#8221;4.7.3&#8243; _module_preset=&#8221;default&#8221;][et_pb_blurb title=&#8221;Armaduras&#8221; image=&#8221;https:\/\/hospitalprivadosorriso.co.mz\/wp-content\/uploads\/2021\/03\/armaduras1.jpg&#8221; _builder_version=&#8221;4.7.3&#8243; _module_preset=&#8221;default&#8221; header_text_color=&#8221;#FFFFFF&#8221; animation_style=&#8221;fade&#8221;][\/et_pb_blurb][\/et_pb_column][et_pb_column type=&#8221;1_3&#8243; _builder_version=&#8221;4.7.3&#8243; _module_preset=&#8221;default&#8221;][et_pb_blurb title=&#8221;Manuten\u00e7\u00e3o de Lentes&#8221; image=&#8221;https:\/\/hospitalprivadosorriso.co.mz\/wp-content\/uploads\/2021\/03\/oculos_limpeza.jpg&#8221; _builder_version=&#8221;4.7.3&#8243; _module_preset=&#8221;default&#8221; header_text_color=&#8221;#FFFFFF&#8221; animation_style=&#8221;fade&#8221;][\/et_pb_blurb][\/et_pb_column][\/et_pb_row][\/et_pb_section][et_pb_section fb_built=&#8221;1&#8243; _builder_version=&#8221;4.7.3&#8243; _module_preset=&#8221;default&#8221; background_image=&#8221;https:\/\/hospitalprivadosorriso.co.mz\/wp-content\/uploads\/2021\/03\/ambulance.jpg&#8221; parallax=&#8221;on&#8221; parallax_method=&#8221;off&#8221; custom_padding=&#8221;135px||135px|||&#8221; animation_style=&#8221;fade&#8221;][et_pb_row _builder_version=&#8221;4.7.3&#8243; _module_preset=&#8221;default&#8221;][et_pb_column type=&#8221;4_4&#8243; _builder_version=&#8221;4.7.3&#8243; _module_preset=&#8221;default&#8221;][et_pb_text _builder_version=&#8221;4.7.3&#8243; _module_preset=&#8221;default&#8221; text_font=&#8221;|700|||||||&#8221; text_font_size=&#8221;28px&#8221; text_orientation=&#8221;center&#8221; animation_style=&#8221;fade&#8221;]<\/p>\n<p>Servi\u00e7os de Ambul\u00e2ncia<\/p>\n<p>[\/et_pb_text][et_pb_button button_url=&#8221;#&#8221; button_text=&#8221; +258 84\/86 952 0001&#8243; button_alignment=&#8221;center&#8221; _builder_version=&#8221;4.7.3&#8243; _module_preset=&#8221;default&#8221; custom_button=&#8221;on&#8221; button_text_color=&#8221;#FFFFFF&#8221; button_bg_color=&#8221;#7CDA24&#8243; button_icon=&#8221;%%264%%&#8221; button_icon_placement=&#8221;left&#8221; button_on_hover=&#8221;off&#8221; animation_style=&#8221;fade&#8221;][\/et_pb_button][\/et_pb_column][\/et_pb_row][\/et_pb_section][et_pb_section fb_built=&#8221;1&#8243; _builder_version=&#8221;4.7.3&#8243; _module_preset=&#8221;default&#8221; background_color=&#8221;#eef1f9&#8243;][et_pb_row _builder_version=&#8221;4.7.3&#8243; _module_preset=&#8221;default&#8221;][et_pb_column type=&#8221;4_4&#8243; _builder_version=&#8221;4.7.3&#8243; _module_preset=&#8221;default&#8221;][et_pb_text _builder_version=&#8221;4.7.3&#8243; _module_preset=&#8221;default&#8221; text_font_size=&#8221;16px&#8221; header_text_align=&#8221;center&#8221; header_2_font=&#8221;|600|||||||&#8221; header_2_font_size=&#8221;30px&#8221; text_orientation=&#8221;center&#8221;]<\/p>\n<section id=\"section-id-1510037761395\" class=\"sppb-section \">\n<div class=\"sppb-row-container\">\n<div class=\"sppb-row\">\n<div class=\"sppb-col-md-12\">\n<div id=\"column-id-1510037761264\" class=\"sppb-column\">\n<div class=\"sppb-column-addons\">\n<div id=\"sppb-addon-1510037761265\" class=\"clearfix\">\n<div class=\"sppb-addon sppb-addon-header sppb-text-center\">\n<div id=\"sppb-addon-1533475173822\" class=\"clearfix\">\n<div class=\"sppb-addon sppb-addon-header sppb-text-center\">\n<h2 class=\"sppb-addon-title\">Informa\u00e7\u00f5es<\/h2>\n<\/div>\n<\/div>\n<p>Clique no bot\u00e3o abaixo para solicitar mais informa\u00e7\u00f5es<\/p><\/div>\n<\/div>\n<\/div>\n<\/div>\n<\/div>\n<\/div>\n<\/div>\n<\/section>\n<p>[\/et_pb_text][\/et_pb_column][\/et_pb_row][et_pb_row _builder_version=&#8221;4.7.3&#8243; _module_preset=&#8221;default&#8221; custom_padding=&#8221;4px|||||&#8221;][et_pb_column type=&#8221;4_4&#8243; _builder_version=&#8221;4.7.3&#8243; _module_preset=&#8221;default&#8221;][et_pb_button button_text=&#8221;Solicitar Informa\u00e7\u00f5es&#8221; button_alignment=&#8221;center&#8221; _builder_version=&#8221;4.7.3&#8243; _module_preset=&#8221;default&#8221; hover_enabled=&#8221;0&#8243; button_url=&#8221;@ET-DC@eyJkeW5hbWljIjp0cnVlLCJjb250ZW50IjoicG9zdF9saW5rX3VybF9wYWdlIiwic2V0dGluZ3MiOnsicG9zdF9pZCI6IjI1MTkifX0=@&#8221; _dynamic_attributes=&#8221;button_url&#8221; sticky_enabled=&#8221;0&#8243;][\/et_pb_button][\/et_pb_column][\/et_pb_row][\/et_pb_section]<\/p>\n","protected":false},"excerpt":{"rendered":"<p>[et_pb_section fb_built=&#8221;1&#8243; _builder_version=&#8221;4.7.3&#8243; _module_preset=&#8221;default&#8221; background_image=&#8221;https:\/\/hospitalprivadosorriso.co.mz\/wp-content\/uploads\/2021\/03\/services1.jpg&#8221;][et_pb_row _builder_version=&#8221;4.7.3&#8243; _module_preset=&#8221;default&#8221;][et_pb_column type=&#8221;4_4&#8243; _builder_version=&#8221;4.7.3&#8243; _module_preset=&#8221;default&#8221;][et_pb_text _builder_version=&#8221;4.7.3&#8243; _module_preset=&#8221;default&#8221; header_text_color=&#8221;#ffffff&#8221; header_2_font=&#8221;|700|||||||&#8221; header_2_text_align=&#8221;center&#8221; header_2_text_color=&#8221;#ffffff&#8221; header_2_font_size=&#8221;40px&#8221;] Produtos [\/et_pb_text][\/et_pb_column][\/et_pb_row][\/et_pb_section][et_pb_section fb_built=&#8221;1&#8243; _builder_version=&#8221;4.7.3&#8243; _module_preset=&#8221;default&#8221; background_color=&#8221;#33ce00&#8243;][et_pb_row _builder_version=&#8221;4.7.3&#8243; _module_preset=&#8221;default&#8221;][et_pb_column type=&#8221;4_4&#8243; _builder_version=&#8221;4.7.3&#8243; _module_preset=&#8221;default&#8221;][et_pb_text _builder_version=&#8221;4.7.3&#8243; _module_preset=&#8221;default&#8221; text_text_color=&#8221;#FFFFFF&#8221; text_font_size=&#8221;16px&#8221; header_2_font=&#8221;|700|||||||&#8221; header_2_text_align=&#8221;center&#8221; header_2_text_color=&#8221;#FFFFFF&#8221; header_2_font_size=&#8221;34px&#8221; text_orientation=&#8221;center&#8221; animation_style=&#8221;fade&#8221;] Nossos Produtos Temos dispon\u00edveis uma variedade de \u00f3culos de vista e efectuamos manuten\u00e7\u00e3o do material: [\/et_pb_text][\/et_pb_column][\/et_pb_row][et_pb_row column_structure=&#8221;1_3,1_3,1_3&#8243; [&hellip;]<\/p>\n","protected":false},"author":1,"featured_media":0,"parent":0,"menu_order":0,"comment_status":"closed","ping_status":"closed","template":"","meta":{"_et_pb_use_builder":"on","_et_pb_old_content":"","_et_gb_content_width":"","footnotes":""},"class_list":["post-2504","page","type-page","status-publish","hentry"],"_links":{"self":[{"href":"https:\/\/hospitalprivadosorriso.co.mz\/index.php?rest_route=\/wp\/v2\/pages\/2504","targetHints":{"allow":["GET"]}}],"collection":[{"href":"https:\/\/hospitalprivadosorriso.co.mz\/index.php?rest_route=\/wp\/v2\/pages"}],"about":[{"href":"https:\/\/hospitalprivadosorriso.co.mz\/index.php?rest_route=\/wp\/v2\/types\/page"}],"author":[{"embeddable":true,"href":"https:\/\/hospitalprivadosorriso.co.mz\/index.php?rest_route=\/wp\/v2\/users\/1"}],"replies":[{"embeddable":true,"href":"https:\/\/hospitalprivadosorriso.co.mz\/index.php?rest_route=%2Fwp%2Fv2%2Fcomments&post=2504"}],"version-history":[{"count":4,"href":"https:\/\/hospitalprivadosorriso.co.mz\/index.php?rest_route=\/wp\/v2\/pages\/2504\/revisions"}],"predecessor-version":[{"id":2564,"href":"https:\/\/hospitalprivadosorriso.co.mz\/index.php?rest_route=\/wp\/v2\/pages\/2504\/revisions\/2564"}],"wp:attachment":[{"href":"https:\/\/hospitalprivadosorriso.co.mz\/index.php?rest_route=%2Fwp%2Fv2%2Fmedia&parent=2504"}],"curies":[{"name":"wp","href":"https:\/\/api.w.org\/{rel}","templated":true}]}}